{"id":771,"date":"2025-12-14T19:07:23","date_gmt":"2025-12-15T00:07:23","guid":{"rendered":"https:\/\/drako1.com\/?post_type=product&#038;p=771"},"modified":"2025-12-14T19:10:05","modified_gmt":"2025-12-15T00:10:05","slug":"camiseta-oversize-8","status":"publish","type":"product","link":"https:\/\/drako1.com\/?product=camiseta-oversize-8","title":{"rendered":"Camiseta oversize"},"content":{"rendered":"","protected":false},"excerpt":{"rendered":"<h2>l estilo pr\u00e1ctico, c\u00f3modo y moderno<\/h2>\n<p>La camiseta oversize para ni\u00f1o o ni\u00f1a es la elecci\u00f3n perfecta para aquellos que buscan prendas que combinen moda y funcionalidad. Dise\u00f1ada con un ajuste holgado, esta camiseta ofrece libertad de movimiento y garantiza comodidad en todo momento. Con su dise\u00f1o unisex, es ideal para cualquier ocasi\u00f3n, desde salidas con amigos hasta largos d\u00edas de escuela o actividades recreativas.<\/p>\n","protected":false},"featured_media":776,"comment_status":"open","ping_status":"closed","template":"","meta":{"_uag_custom_page_level_css":"","site-sidebar-layout":"default","site-content-layout":"","ast-site-content-layout":"default","site-content-style":"default","site-sidebar-style":"default","ast-global-header-display":"","ast-banner-title-visibility":"","ast-main-header-display":"","ast-hfb-above-header-display":"","ast-hfb-below-header-display":"","ast-hfb-mobile-header-display":"","site-post-title":"","ast-breadcrumbs-content":"","ast-featured-img":"","footer-sml-layout":"","ast-disable-related-posts":"","theme-transparent-header-meta":"default","adv-header-id-meta":"","stick-header-meta":"","header-above-stick-meta":"","header-main-stick-meta":"","header-below-stick-meta":"","astra-migrate-meta-layouts":"set","ast-page-background-enabled":"default","ast-page-background-meta":{"desktop":{"background-color":"var(--ast-global-color-5)","background-image":"","background-repeat":"repeat","background-position":"center center","background-size":"auto","background-attachment":"scroll","background-type":"","background-media":"","overlay-type":"","overlay-color":"","overlay-opacity":"","overlay-gradient":""},"tablet":{"background-color":"","background-image":"","background-repeat":"repeat","background-position":"center center","background-size":"auto","background-attachment":"scroll","background-type":"","background-media":"","overlay-type":"","overlay-color":"","overlay-opacity":"","overlay-gradient":""},"mobile":{"background-color":"","background-image":"","background-repeat":"repeat","background-position":"center center","background-size":"auto","background-attachment":"scroll","background-type":"","background-media":"","overlay-type":"","overlay-color":"","overlay-opacity":"","overlay-gradient":""}},"ast-content-background-meta":{"desktop":{"background-color":"var(--ast-global-color-4)","background-image":"","background-repeat":"repeat","background-position":"center center","background-size":"auto","background-attachment":"scroll","background-type":"","background-media":"","overlay-type":"","overlay-color":"","overlay-opacity":"","overlay-gradient":""},"tablet":{"background-color":"var(--ast-global-color-4)","background-image":"","background-repeat":"repeat","background-position":"center center","background-size":"auto","background-attachment":"scroll","background-type":"","background-media":"","overlay-type":"","overlay-color":"","overlay-opacity":"","overlay-gradient":""},"mobile":{"background-color":"var(--ast-global-color-4)","background-image":"","background-repeat":"repeat","background-position":"center center","background-size":"auto","background-attachment":"scroll","background-type":"","background-media":"","overlay-type":"","overlay-color":"","overlay-opacity":"","overlay-gradient":""}},"_joinchat":[]},"product_brand":[],"product_cat":[36],"product_tag":[],"class_list":{"0":"post-771","1":"product","2":"type-product","3":"status-publish","4":"has-post-thumbnail","6":"product_cat-ninos","7":"desktop-align-left","8":"tablet-align-left","9":"mobile-align-left","11":"first","12":"instock","13":"shipping-taxable","14":"purchasable","15":"product-type-variable"},"uagb_featured_image_src":{"full":["https:\/\/drako1.com\/wp-content\/uploads\/2025\/12\/IMG_7019.jpeg",1179,1215,false],"thumbnail":["https:\/\/drako1.com\/wp-content\/uploads\/2025\/12\/IMG_7019-150x150.jpeg",150,150,true],"medium":["https:\/\/drako1.com\/wp-content\/uploads\/2025\/12\/IMG_7019-291x300.jpeg",291,300,true],"medium_large":["https:\/\/drako1.com\/wp-content\/uploads\/2025\/12\/IMG_7019-768x791.jpeg",768,791,true],"large":["https:\/\/drako1.com\/wp-content\/uploads\/2025\/12\/IMG_7019-994x1024.jpeg",994,1024,true],"1536x1536":["https:\/\/drako1.com\/wp-content\/uploads\/2025\/12\/IMG_7019.jpeg",1179,1215,false],"2048x2048":["https:\/\/drako1.com\/wp-content\/uploads\/2025\/12\/IMG_7019.jpeg",1179,1215,false],"woocommerce_thumbnail":["https:\/\/drako1.com\/wp-content\/uploads\/2025\/12\/IMG_7019-300x300.jpeg",300,300,true],"woocommerce_single":["https:\/\/drako1.com\/wp-content\/uploads\/2025\/12\/IMG_7019-600x618.jpeg",600,618,true],"woocommerce_gallery_thumbnail":["https:\/\/drako1.com\/wp-content\/uploads\/2025\/12\/IMG_7019-100x100.jpeg",100,100,true]},"uagb_author_info":{"display_name":"drakostore2014@gmail.com","author_link":"https:\/\/drako1.com\/?author=0"},"uagb_comment_info":0,"uagb_excerpt":"l estilo pr\u00e1ctico, c\u00f3modo y moderno La camiseta oversize para ni\u00f1o o ni\u00f1a es la elecci\u00f3n perfecta para aquellos que buscan prendas que combinen moda y funcionalidad. Dise\u00f1ada con un ajuste holgado, esta camiseta ofrece libertad de movimiento y garantiza comodidad en todo momento. Con su dise\u00f1o unisex, es ideal para cualquier ocasi\u00f3n, desde salidas&hellip;","_links":{"self":[{"href":"https:\/\/drako1.com\/index.php?rest_route=\/wp\/v2\/product\/771","targetHints":{"allow":["GET"]}}],"collection":[{"href":"https:\/\/drako1.com\/index.php?rest_route=\/wp\/v2\/product"}],"about":[{"href":"https:\/\/drako1.com\/index.php?rest_route=\/wp\/v2\/types\/product"}],"replies":[{"embeddable":true,"href":"https:\/\/drako1.com\/index.php?rest_route=%2Fwp%2Fv2%2Fcomments&post=771"}],"wp:featuredmedia":[{"embeddable":true,"href":"https:\/\/drako1.com\/index.php?rest_route=\/wp\/v2\/media\/776"}],"wp:attachment":[{"href":"https:\/\/drako1.com\/index.php?rest_route=%2Fwp%2Fv2%2Fmedia&parent=771"}],"wp:term":[{"taxonomy":"product_brand","embeddable":true,"href":"https:\/\/drako1.com\/index.php?rest_route=%2Fwp%2Fv2%2Fproduct_brand&post=771"},{"taxonomy":"product_cat","embeddable":true,"href":"https:\/\/drako1.com\/index.php?rest_route=%2Fwp%2Fv2%2Fproduct_cat&post=771"},{"taxonomy":"product_tag","embeddable":true,"href":"https:\/\/drako1.com\/index.php?rest_route=%2Fwp%2Fv2%2Fproduct_tag&post=771"}],"curies":[{"name":"wp","href":"https:\/\/api.w.org\/{rel}","templated":true}]}}