{"id":726,"date":"2025-12-09T18:57:19","date_gmt":"2025-12-09T23:57:19","guid":{"rendered":"https:\/\/drako1.com\/?post_type=product&#038;p=726"},"modified":"2025-12-09T18:57:20","modified_gmt":"2025-12-09T23:57:20","slug":"sweater-navideno","status":"publish","type":"product","link":"https:\/\/drako1.com\/?product=sweater-navideno","title":{"rendered":"sweater navide\u00f1o"},"content":{"rendered":"<p>&nbsp;<\/p>\n<p><strong>Aseg\u00farate de obtener el tuyo hoy mismo antes de que se agoten. \u00a1Haz que cada momento de las fiestas sea m\u00e1s especial con nuestro sweater navide\u00f1o !<\/strong><\/p>\n","protected":false},"excerpt":{"rendered":"<h2>Dise\u00f1o festivo para todos<\/h2>\n<p>En esta temporada de alegr\u00eda y celebraci\u00f3n, nuestro sweater navide\u00f1o unisex es la pieza perfecta para reflejar el esp\u00edritu de la Navidad. Con un dise\u00f1o cl\u00e1sico y cuidadosamente elaborado, este sweater se adapta tanto a mujeres como a hombres, asegurando que todos puedan disfrutar de la comodidad y el estilo en sus reuniones familiares, fiestas con amigos y momentos especiales.<\/p>\n","protected":false},"featured_media":728,"comment_status":"open","ping_status":"closed","template":"","meta":{"_uag_custom_page_level_css":"","site-sidebar-layout":"default","site-content-layout":"","ast-site-content-layout":"default","site-content-style":"default","site-sidebar-style":"default","ast-global-header-display":"","ast-banner-title-visibility":"","ast-main-header-display":"","ast-hfb-above-header-display":"","ast-hfb-below-header-display":"","ast-hfb-mobile-header-display":"","site-post-title":"","ast-breadcrumbs-content":"","ast-featured-img":"","footer-sml-layout":"","ast-disable-related-posts":"","theme-transparent-header-meta":"default","adv-header-id-meta":"","stick-header-meta":"","header-above-stick-meta":"","header-main-stick-meta":"","header-below-stick-meta":"","astra-migrate-meta-layouts":"set","ast-page-background-enabled":"default","ast-page-background-meta":{"desktop":{"background-color":"var(--ast-global-color-5)","background-image":"","background-repeat":"repeat","background-position":"center center","background-size":"auto","background-attachment":"scroll","background-type":"","background-media":"","overlay-type":"","overlay-color":"","overlay-opacity":"","overlay-gradient":""},"tablet":{"background-color":"","background-image":"","background-repeat":"repeat","background-position":"center center","background-size":"auto","background-attachment":"scroll","background-type":"","background-media":"","overlay-type":"","overlay-color":"","overlay-opacity":"","overlay-gradient":""},"mobile":{"background-color":"","background-image":"","background-repeat":"repeat","background-position":"center center","background-size":"auto","background-attachment":"scroll","background-type":"","background-media":"","overlay-type":"","overlay-color":"","overlay-opacity":"","overlay-gradient":""}},"ast-content-background-meta":{"desktop":{"background-color":"var(--ast-global-color-4)","background-image":"","background-repeat":"repeat","background-position":"center center","background-size":"auto","background-attachment":"scroll","background-type":"","background-media":"","overlay-type":"","overlay-color":"","overlay-opacity":"","overlay-gradient":""},"tablet":{"background-color":"var(--ast-global-color-4)","background-image":"","background-repeat":"repeat","background-position":"center center","background-size":"auto","background-attachment":"scroll","background-type":"","background-media":"","overlay-type":"","overlay-color":"","overlay-opacity":"","overlay-gradient":""},"mobile":{"background-color":"var(--ast-global-color-4)","background-image":"","background-repeat":"repeat","background-position":"center center","background-size":"auto","background-attachment":"scroll","background-type":"","background-media":"","overlay-type":"","overlay-color":"","overlay-opacity":"","overlay-gradient":""}},"_joinchat":[]},"product_brand":[],"product_cat":[30,32],"product_tag":[],"class_list":{"0":"post-726","1":"product","2":"type-product","3":"status-publish","4":"has-post-thumbnail","6":"product_cat-hombre","7":"product_cat-mujer","8":"desktop-align-left","9":"tablet-align-left","10":"mobile-align-left","12":"first","13":"instock","14":"shipping-taxable","15":"purchasable","16":"product-type-variable"},"uagb_featured_image_src":{"full":["https:\/\/drako1.com\/wp-content\/uploads\/2025\/12\/WhatsApp-Image-2025-12-09-at-6.47.31-PM.jpeg",1280,1197,false],"thumbnail":["https:\/\/drako1.com\/wp-content\/uploads\/2025\/12\/WhatsApp-Image-2025-12-09-at-6.47.31-PM-150x150.jpeg",150,150,true],"medium":["https:\/\/drako1.com\/wp-content\/uploads\/2025\/12\/WhatsApp-Image-2025-12-09-at-6.47.31-PM-300x281.jpeg",300,281,true],"medium_large":["https:\/\/drako1.com\/wp-content\/uploads\/2025\/12\/WhatsApp-Image-2025-12-09-at-6.47.31-PM-768x718.jpeg",768,718,true],"large":["https:\/\/drako1.com\/wp-content\/uploads\/2025\/12\/WhatsApp-Image-2025-12-09-at-6.47.31-PM-1024x958.jpeg",1024,958,true],"1536x1536":["https:\/\/drako1.com\/wp-content\/uploads\/2025\/12\/WhatsApp-Image-2025-12-09-at-6.47.31-PM.jpeg",1280,1197,false],"2048x2048":["https:\/\/drako1.com\/wp-content\/uploads\/2025\/12\/WhatsApp-Image-2025-12-09-at-6.47.31-PM.jpeg",1280,1197,false],"woocommerce_thumbnail":["https:\/\/drako1.com\/wp-content\/uploads\/2025\/12\/WhatsApp-Image-2025-12-09-at-6.47.31-PM-300x300.jpeg",300,300,true],"woocommerce_single":["https:\/\/drako1.com\/wp-content\/uploads\/2025\/12\/WhatsApp-Image-2025-12-09-at-6.47.31-PM-600x561.jpeg",600,561,true],"woocommerce_gallery_thumbnail":["https:\/\/drako1.com\/wp-content\/uploads\/2025\/12\/WhatsApp-Image-2025-12-09-at-6.47.31-PM-100x100.jpeg",100,100,true]},"uagb_author_info":{"display_name":"drakostore2014@gmail.com","author_link":"https:\/\/drako1.com\/?author=0"},"uagb_comment_info":0,"uagb_excerpt":"Dise\u00f1o festivo para todos En esta temporada de alegr\u00eda y celebraci\u00f3n, nuestro sweater navide\u00f1o unisex es la pieza perfecta para reflejar el esp\u00edritu de la Navidad. Con un dise\u00f1o cl\u00e1sico y cuidadosamente elaborado, este sweater se adapta tanto a mujeres como a hombres, asegurando que todos puedan disfrutar de la comodidad y el estilo en&hellip;","_links":{"self":[{"href":"https:\/\/drako1.com\/index.php?rest_route=\/wp\/v2\/product\/726","targetHints":{"allow":["GET"]}}],"collection":[{"href":"https:\/\/drako1.com\/index.php?rest_route=\/wp\/v2\/product"}],"about":[{"href":"https:\/\/drako1.com\/index.php?rest_route=\/wp\/v2\/types\/product"}],"replies":[{"embeddable":true,"href":"https:\/\/drako1.com\/index.php?rest_route=%2Fwp%2Fv2%2Fcomments&post=726"}],"wp:featuredmedia":[{"embeddable":true,"href":"https:\/\/drako1.com\/index.php?rest_route=\/wp\/v2\/media\/728"}],"wp:attachment":[{"href":"https:\/\/drako1.com\/index.php?rest_route=%2Fwp%2Fv2%2Fmedia&parent=726"}],"wp:term":[{"taxonomy":"product_brand","embeddable":true,"href":"https:\/\/drako1.com\/index.php?rest_route=%2Fwp%2Fv2%2Fproduct_brand&post=726"},{"taxonomy":"product_cat","embeddable":true,"href":"https:\/\/drako1.com\/index.php?rest_route=%2Fwp%2Fv2%2Fproduct_cat&post=726"},{"taxonomy":"product_tag","embeddable":true,"href":"https:\/\/drako1.com\/index.php?rest_route=%2Fwp%2Fv2%2Fproduct_tag&post=726"}],"curies":[{"name":"wp","href":"https:\/\/api.w.org\/{rel}","templated":true}]}}