{"id":721,"date":"2025-11-29T17:33:37","date_gmt":"2025-11-29T22:33:37","guid":{"rendered":"https:\/\/drako1.com\/?post_type=product&#038;p=721"},"modified":"2025-11-29T17:43:00","modified_gmt":"2025-11-29T22:43:00","slug":"zapatilla-animal-print-piel","status":"publish","type":"product","link":"https:\/\/drako1.com\/?product=zapatilla-animal-print-piel","title":{"rendered":"Zapatilla animal print piel"},"content":{"rendered":"<h2>Un dise\u00f1o que redefine el estilo cl\u00e1sico<\/h2>\n<p>Destaca entre la multitud con las Zapatillas Samba edici\u00f3n especial Animal Print, una verdadera declaraci\u00f3n de moda. Este exclusivo dise\u00f1o combina la ic\u00f3nica silueta Samba con un toque audaz y moderno gracias al estampado de animal print. Perfectas para quienes desean expresar su estilo \u00fanico sin sacrificar la comodidad en su d\u00eda a d\u00eda.<\/p>\n<h2>Combinaci\u00f3n perfecta de calidad y moda<\/h2>\n<p>Fabricadas con los m\u00e1s altos est\u00e1ndares, estas zapatillas presentan un material exterior resistente y duradero, garantizando una larga vida \u00fatil sin comprometer su apariencia. El estampado de animal print de alta calidad no solo es atractivo visualmente, sino que tambi\u00e9n a\u00f1ade un toque sofisticado a cualquier outfit, desde looks casuales hasta combinaciones m\u00e1s atrevidas.<\/p>\n<h2>Funcionalidad para el estilo de vida moderno<\/h2>\n<p>No importa si planeas usarlas para una salida relajada con amigos o para completar tu conjunto de trabajo c\u00f3modo pero elegante, las Zapatillas Samba edici\u00f3n especial Animal Print est\u00e1n dise\u00f1adas para adaptarse a diferentes ocasiones. Su suela flexible proporciona un soporte \u00f3ptimo, mientras que su interior acolchado garantiza comodidad durante todo el d\u00eda. Este modelo representa el equilibrio perfecto entre funcionalidad y dise\u00f1o.<\/p>\n<blockquote><p>&nbsp;<\/p><\/blockquote>\n","protected":false},"excerpt":{"rendered":"<h2>Convierte cada paso en una declaraci\u00f3n<\/h2>\n<h2><span style=\"font-size: 16px; -webkit-text-size-adjust: 100%;\">Si buscas dar un giro a tu colecci\u00f3n de calzado, este modelo es imprescindible. Las Zapatillas Samba edici\u00f3n especial Animal Print son ideales para quienes aprecian un dise\u00f1o ic\u00f3nico con un toque moderno. No te conformes con lo com\u00fan; sobresale en estilo y marca tendencia con cada paso. \u00bfEst\u00e1s listo para hacerla parte de tu guardarropa?<\/span><\/h2>\n","protected":false},"featured_media":725,"comment_status":"open","ping_status":"closed","template":"","meta":{"_uag_custom_page_level_css":"","site-sidebar-layout":"default","site-content-layout":"","ast-site-content-layout":"default","site-content-style":"default","site-sidebar-style":"default","ast-global-header-display":"","ast-banner-title-visibility":"","ast-main-header-display":"","ast-hfb-above-header-display":"","ast-hfb-below-header-display":"","ast-hfb-mobile-header-display":"","site-post-title":"","ast-breadcrumbs-content":"","ast-featured-img":"","footer-sml-layout":"","ast-disable-related-posts":"","theme-transparent-header-meta":"default","adv-header-id-meta":"","stick-header-meta":"","header-above-stick-meta":"","header-main-stick-meta":"","header-below-stick-meta":"","astra-migrate-meta-layouts":"set","ast-page-background-enabled":"default","ast-page-background-meta":{"desktop":{"background-color":"var(--ast-global-color-5)","background-image":"","background-repeat":"repeat","background-position":"center center","background-size":"auto","background-attachment":"scroll","background-type":"","background-media":"","overlay-type":"","overlay-color":"","overlay-opacity":"","overlay-gradient":""},"tablet":{"background-color":"","background-image":"","background-repeat":"repeat","background-position":"center center","background-size":"auto","background-attachment":"scroll","background-type":"","background-media":"","overlay-type":"","overlay-color":"","overlay-opacity":"","overlay-gradient":""},"mobile":{"background-color":"","background-image":"","background-repeat":"repeat","background-position":"center center","background-size":"auto","background-attachment":"scroll","background-type":"","background-media":"","overlay-type":"","overlay-color":"","overlay-opacity":"","overlay-gradient":""}},"ast-content-background-meta":{"desktop":{"background-color":"var(--ast-global-color-4)","background-image":"","background-repeat":"repeat","background-position":"center center","background-size":"auto","background-attachment":"scroll","background-type":"","background-media":"","overlay-type":"","overlay-color":"","overlay-opacity":"","overlay-gradient":""},"tablet":{"background-color":"var(--ast-global-color-4)","background-image":"","background-repeat":"repeat","background-position":"center center","background-size":"auto","background-attachment":"scroll","background-type":"","background-media":"","overlay-type":"","overlay-color":"","overlay-opacity":"","overlay-gradient":""},"mobile":{"background-color":"var(--ast-global-color-4)","background-image":"","background-repeat":"repeat","background-position":"center center","background-size":"auto","background-attachment":"scroll","background-type":"","background-media":"","overlay-type":"","overlay-color":"","overlay-opacity":"","overlay-gradient":""}},"_joinchat":[]},"product_brand":[],"product_cat":[44],"product_tag":[],"class_list":{"0":"post-721","1":"product","2":"type-product","3":"status-publish","4":"has-post-thumbnail","6":"product_cat-zapatos","7":"desktop-align-left","8":"tablet-align-left","9":"mobile-align-left","11":"first","12":"instock","13":"shipping-taxable","14":"purchasable","15":"product-type-variable"},"uagb_featured_image_src":{"full":["https:\/\/drako1.com\/wp-content\/uploads\/2025\/11\/1c0e3a0c-3cf7-4292-93a2-01786128da78.jpeg",864,1184,false],"thumbnail":["https:\/\/drako1.com\/wp-content\/uploads\/2025\/11\/1c0e3a0c-3cf7-4292-93a2-01786128da78-150x150.jpeg",150,150,true],"medium":["https:\/\/drako1.com\/wp-content\/uploads\/2025\/11\/1c0e3a0c-3cf7-4292-93a2-01786128da78-219x300.jpeg",219,300,true],"medium_large":["https:\/\/drako1.com\/wp-content\/uploads\/2025\/11\/1c0e3a0c-3cf7-4292-93a2-01786128da78-768x1052.jpeg",768,1052,true],"large":["https:\/\/drako1.com\/wp-content\/uploads\/2025\/11\/1c0e3a0c-3cf7-4292-93a2-01786128da78-747x1024.jpeg",747,1024,true],"1536x1536":["https:\/\/drako1.com\/wp-content\/uploads\/2025\/11\/1c0e3a0c-3cf7-4292-93a2-01786128da78.jpeg",864,1184,false],"2048x2048":["https:\/\/drako1.com\/wp-content\/uploads\/2025\/11\/1c0e3a0c-3cf7-4292-93a2-01786128da78.jpeg",864,1184,false],"woocommerce_thumbnail":["https:\/\/drako1.com\/wp-content\/uploads\/2025\/11\/1c0e3a0c-3cf7-4292-93a2-01786128da78-300x300.jpeg",300,300,true],"woocommerce_single":["https:\/\/drako1.com\/wp-content\/uploads\/2025\/11\/1c0e3a0c-3cf7-4292-93a2-01786128da78-600x822.jpeg",600,822,true],"woocommerce_gallery_thumbnail":["https:\/\/drako1.com\/wp-content\/uploads\/2025\/11\/1c0e3a0c-3cf7-4292-93a2-01786128da78-100x100.jpeg",100,100,true]},"uagb_author_info":{"display_name":"drakostore2014@gmail.com","author_link":"https:\/\/drako1.com\/?author=0"},"uagb_comment_info":0,"uagb_excerpt":"Convierte cada paso en una declaraci\u00f3n Si buscas dar un giro a tu colecci\u00f3n de calzado, este modelo es imprescindible. Las Zapatillas Samba edici\u00f3n especial Animal Print son ideales para quienes aprecian un dise\u00f1o ic\u00f3nico con un toque moderno. No te conformes con lo com\u00fan; sobresale en estilo y marca tendencia con cada paso. \u00bfEst\u00e1s&hellip;","_links":{"self":[{"href":"https:\/\/drako1.com\/index.php?rest_route=\/wp\/v2\/product\/721","targetHints":{"allow":["GET"]}}],"collection":[{"href":"https:\/\/drako1.com\/index.php?rest_route=\/wp\/v2\/product"}],"about":[{"href":"https:\/\/drako1.com\/index.php?rest_route=\/wp\/v2\/types\/product"}],"replies":[{"embeddable":true,"href":"https:\/\/drako1.com\/index.php?rest_route=%2Fwp%2Fv2%2Fcomments&post=721"}],"wp:featuredmedia":[{"embeddable":true,"href":"https:\/\/drako1.com\/index.php?rest_route=\/wp\/v2\/media\/725"}],"wp:attachment":[{"href":"https:\/\/drako1.com\/index.php?rest_route=%2Fwp%2Fv2%2Fmedia&parent=721"}],"wp:term":[{"taxonomy":"product_brand","embeddable":true,"href":"https:\/\/drako1.com\/index.php?rest_route=%2Fwp%2Fv2%2Fproduct_brand&post=721"},{"taxonomy":"product_cat","embeddable":true,"href":"https:\/\/drako1.com\/index.php?rest_route=%2Fwp%2Fv2%2Fproduct_cat&post=721"},{"taxonomy":"product_tag","embeddable":true,"href":"https:\/\/drako1.com\/index.php?rest_route=%2Fwp%2Fv2%2Fproduct_tag&post=721"}],"curies":[{"name":"wp","href":"https:\/\/api.w.org\/{rel}","templated":true}]}}