{"id":661,"date":"2025-10-30T19:45:17","date_gmt":"2025-10-31T00:45:17","guid":{"rendered":"https:\/\/drako1.com\/?post_type=product&#038;p=661"},"modified":"2025-12-17T15:57:40","modified_gmt":"2025-12-17T20:57:40","slug":"chaqueta-deportiva-lamborguini-2","status":"publish","type":"product","link":"https:\/\/drako1.com\/?product=chaqueta-deportiva-lamborguini-2","title":{"rendered":"chaqueta deportiva lamborguini"},"content":{"rendered":"<h2>Un dise\u00f1o funcional pensado para el d\u00eda a d\u00eda<\/h2>\n<p>M\u00e1s all\u00e1 de su apariencia elegante, la chaqueta deportiva Lamborghini est\u00e1 equipada con detalles pr\u00e1cticos, como bolsillos con cierre seguro y un ajuste personalizable para m\u00e1ximo confort. Es perfecta tanto para entrenamientos como para salidas casuales, adapt\u00e1ndose a todas las estaciones con facilidad. Lleva contigo un producto que fusiona moda y funcionalidad en cada paso que das.<\/p>\n","protected":false},"excerpt":{"rendered":"<p>Un dise\u00f1o funcional pensado para el d\u00eda a d\u00eda M\u00e1s all\u00e1 de su apariencia elegante, la chaqueta deportiva Lamborghini est\u00e1 [&hellip;]<\/p>\n","protected":false},"featured_media":663,"comment_status":"open","ping_status":"closed","template":"","meta":{"_uag_custom_page_level_css":"","site-sidebar-layout":"default","site-content-layout":"","ast-site-content-layout":"default","site-content-style":"default","site-sidebar-style":"default","ast-global-header-display":"","ast-banner-title-visibility":"","ast-main-header-display":"","ast-hfb-above-header-display":"","ast-hfb-below-header-display":"","ast-hfb-mobile-header-display":"","site-post-title":"","ast-breadcrumbs-content":"","ast-featured-img":"","footer-sml-layout":"","ast-disable-related-posts":"","theme-transparent-header-meta":"default","adv-header-id-meta":"","stick-header-meta":"","header-above-stick-meta":"","header-main-stick-meta":"","header-below-stick-meta":"","astra-migrate-meta-layouts":"set","ast-page-background-enabled":"default","ast-page-background-meta":{"desktop":{"background-color":"var(--ast-global-color-5)","background-image":"","background-repeat":"repeat","background-position":"center center","background-size":"auto","background-attachment":"scroll","background-type":"","background-media":"","overlay-type":"","overlay-color":"","overlay-opacity":"","overlay-gradient":""},"tablet":{"background-color":"","background-image":"","background-repeat":"repeat","background-position":"center center","background-size":"auto","background-attachment":"scroll","background-type":"","background-media":"","overlay-type":"","overlay-color":"","overlay-opacity":"","overlay-gradient":""},"mobile":{"background-color":"","background-image":"","background-repeat":"repeat","background-position":"center center","background-size":"auto","background-attachment":"scroll","background-type":"","background-media":"","overlay-type":"","overlay-color":"","overlay-opacity":"","overlay-gradient":""}},"ast-content-background-meta":{"desktop":{"background-color":"var(--ast-global-color-4)","background-image":"","background-repeat":"repeat","background-position":"center center","background-size":"auto","background-attachment":"scroll","background-type":"","background-media":"","overlay-type":"","overlay-color":"","overlay-opacity":"","overlay-gradient":""},"tablet":{"background-color":"var(--ast-global-color-4)","background-image":"","background-repeat":"repeat","background-position":"center center","background-size":"auto","background-attachment":"scroll","background-type":"","background-media":"","overlay-type":"","overlay-color":"","overlay-opacity":"","overlay-gradient":""},"mobile":{"background-color":"var(--ast-global-color-4)","background-image":"","background-repeat":"repeat","background-position":"center center","background-size":"auto","background-attachment":"scroll","background-type":"","background-media":"","overlay-type":"","overlay-color":"","overlay-opacity":"","overlay-gradient":""}},"_joinchat":[]},"product_brand":[],"product_cat":[32],"product_tag":[],"class_list":{"0":"post-661","1":"product","2":"type-product","3":"status-publish","4":"has-post-thumbnail","6":"product_cat-mujer","7":"desktop-align-left","8":"tablet-align-left","9":"mobile-align-left","11":"first","12":"outofstock","13":"shipping-taxable","14":"purchasable","15":"product-type-variable"},"uagb_featured_image_src":{"full":["https:\/\/drako1.com\/wp-content\/uploads\/2025\/10\/WhatsApp-Image-2025-10-30-at-7.37.48-PM.jpeg",1280,1181,false],"thumbnail":["https:\/\/drako1.com\/wp-content\/uploads\/2025\/10\/WhatsApp-Image-2025-10-30-at-7.37.48-PM-150x150.jpeg",150,150,true],"medium":["https:\/\/drako1.com\/wp-content\/uploads\/2025\/10\/WhatsApp-Image-2025-10-30-at-7.37.48-PM-300x277.jpeg",300,277,true],"medium_large":["https:\/\/drako1.com\/wp-content\/uploads\/2025\/10\/WhatsApp-Image-2025-10-30-at-7.37.48-PM-768x709.jpeg",768,709,true],"large":["https:\/\/drako1.com\/wp-content\/uploads\/2025\/10\/WhatsApp-Image-2025-10-30-at-7.37.48-PM-1024x945.jpeg",1024,945,true],"1536x1536":["https:\/\/drako1.com\/wp-content\/uploads\/2025\/10\/WhatsApp-Image-2025-10-30-at-7.37.48-PM.jpeg",1280,1181,false],"2048x2048":["https:\/\/drako1.com\/wp-content\/uploads\/2025\/10\/WhatsApp-Image-2025-10-30-at-7.37.48-PM.jpeg",1280,1181,false],"woocommerce_thumbnail":["https:\/\/drako1.com\/wp-content\/uploads\/2025\/10\/WhatsApp-Image-2025-10-30-at-7.37.48-PM-300x300.jpeg",300,300,true],"woocommerce_single":["https:\/\/drako1.com\/wp-content\/uploads\/2025\/10\/WhatsApp-Image-2025-10-30-at-7.37.48-PM-600x554.jpeg",600,554,true],"woocommerce_gallery_thumbnail":["https:\/\/drako1.com\/wp-content\/uploads\/2025\/10\/WhatsApp-Image-2025-10-30-at-7.37.48-PM-100x100.jpeg",100,100,true]},"uagb_author_info":{"display_name":"drakostore2014@gmail.com","author_link":"https:\/\/drako1.com\/?author=0"},"uagb_comment_info":0,"uagb_excerpt":"Un dise\u00f1o funcional pensado para el d\u00eda a d\u00eda M\u00e1s all\u00e1 de su apariencia elegante, la chaqueta deportiva Lamborghini est\u00e1 [&hellip;]","_links":{"self":[{"href":"https:\/\/drako1.com\/index.php?rest_route=\/wp\/v2\/product\/661","targetHints":{"allow":["GET"]}}],"collection":[{"href":"https:\/\/drako1.com\/index.php?rest_route=\/wp\/v2\/product"}],"about":[{"href":"https:\/\/drako1.com\/index.php?rest_route=\/wp\/v2\/types\/product"}],"replies":[{"embeddable":true,"href":"https:\/\/drako1.com\/index.php?rest_route=%2Fwp%2Fv2%2Fcomments&post=661"}],"wp:featuredmedia":[{"embeddable":true,"href":"https:\/\/drako1.com\/index.php?rest_route=\/wp\/v2\/media\/663"}],"wp:attachment":[{"href":"https:\/\/drako1.com\/index.php?rest_route=%2Fwp%2Fv2%2Fmedia&parent=661"}],"wp:term":[{"taxonomy":"product_brand","embeddable":true,"href":"https:\/\/drako1.com\/index.php?rest_route=%2Fwp%2Fv2%2Fproduct_brand&post=661"},{"taxonomy":"product_cat","embeddable":true,"href":"https:\/\/drako1.com\/index.php?rest_route=%2Fwp%2Fv2%2Fproduct_cat&post=661"},{"taxonomy":"product_tag","embeddable":true,"href":"https:\/\/drako1.com\/index.php?rest_route=%2Fwp%2Fv2%2Fproduct_tag&post=661"}],"curies":[{"name":"wp","href":"https:\/\/api.w.org\/{rel}","templated":true}]}}