{"id":543,"date":"2025-10-29T15:34:53","date_gmt":"2025-10-29T20:34:53","guid":{"rendered":"https:\/\/drako1.com\/?post_type=product&#038;p=543"},"modified":"2025-12-17T15:59:43","modified_gmt":"2025-12-17T20:59:43","slug":"esqueleto-boxy-fit","status":"publish","type":"product","link":"https:\/\/drako1.com\/?product=esqueleto-boxy-fit","title":{"rendered":"esqueleto boxy fit"},"content":{"rendered":"<h2>Descubre un dise\u00f1o moderno para cualquier ocasi\u00f3n<\/h2>\n<p>Este esqueleto Boxyfit estampado en algod\u00f3n combina comodidad y estilo en un solo producto. Perfecto para quienes buscan vestir con frescura y originalidad, este dise\u00f1o se adapta a cualquier tipo de cuerpo gracias a su ajuste relajado y corte moderno. Confeccionado con materiales de alta calidad y pensado para durar, es ideal para tus d\u00edas casuales, sesiones de ejercicio o simplemente para relajarte en casa.<\/p>\n<p>&nbsp;<\/p>\n<p>&nbsp;<\/p>\n","protected":false},"excerpt":{"rendered":"<h2>Estampado vers\u00e1til que expresa tu personalidad<\/h2>\n<p>El estampado agregado a este esqueleto Boxyfit es din\u00e1mico y lleno de textura, permiti\u00e9ndote sobresalir con un dise\u00f1o \u00fanico. Se trata de un complemento ideal para romper la rutina de los colores s\u00f3lidos y a\u00f1adir un toque de originalidad a tu guardarropa. Comb\u00ednalo f\u00e1cilmente con unos jeans casuales o shorts deportivos para crear looks modernos y desenfadados.<\/p>\n","protected":false},"featured_media":546,"comment_status":"open","ping_status":"closed","template":"","meta":{"_uag_custom_page_level_css":"","site-sidebar-layout":"default","site-content-layout":"","ast-site-content-layout":"default","site-content-style":"default","site-sidebar-style":"default","ast-global-header-display":"","ast-banner-title-visibility":"","ast-main-header-display":"","ast-hfb-above-header-display":"","ast-hfb-below-header-display":"","ast-hfb-mobile-header-display":"","site-post-title":"","ast-breadcrumbs-content":"","ast-featured-img":"","footer-sml-layout":"","ast-disable-related-posts":"","theme-transparent-header-meta":"default","adv-header-id-meta":"","stick-header-meta":"","header-above-stick-meta":"","header-main-stick-meta":"","header-below-stick-meta":"","astra-migrate-meta-layouts":"set","ast-page-background-enabled":"default","ast-page-background-meta":{"desktop":{"background-color":"var(--ast-global-color-5)","background-image":"","background-repeat":"repeat","background-position":"center center","background-size":"auto","background-attachment":"scroll","background-type":"","background-media":"","overlay-type":"","overlay-color":"","overlay-opacity":"","overlay-gradient":""},"tablet":{"background-color":"","background-image":"","background-repeat":"repeat","background-position":"center center","background-size":"auto","background-attachment":"scroll","background-type":"","background-media":"","overlay-type":"","overlay-color":"","overlay-opacity":"","overlay-gradient":""},"mobile":{"background-color":"","background-image":"","background-repeat":"repeat","background-position":"center center","background-size":"auto","background-attachment":"scroll","background-type":"","background-media":"","overlay-type":"","overlay-color":"","overlay-opacity":"","overlay-gradient":""}},"ast-content-background-meta":{"desktop":{"background-color":"var(--ast-global-color-4)","background-image":"","background-repeat":"repeat","background-position":"center center","background-size":"auto","background-attachment":"scroll","background-type":"","background-media":"","overlay-type":"","overlay-color":"","overlay-opacity":"","overlay-gradient":""},"tablet":{"background-color":"var(--ast-global-color-4)","background-image":"","background-repeat":"repeat","background-position":"center center","background-size":"auto","background-attachment":"scroll","background-type":"","background-media":"","overlay-type":"","overlay-color":"","overlay-opacity":"","overlay-gradient":""},"mobile":{"background-color":"var(--ast-global-color-4)","background-image":"","background-repeat":"repeat","background-position":"center center","background-size":"auto","background-attachment":"scroll","background-type":"","background-media":"","overlay-type":"","overlay-color":"","overlay-opacity":"","overlay-gradient":""}},"_joinchat":[]},"product_brand":[],"product_cat":[30],"product_tag":[],"class_list":{"0":"post-543","1":"product","2":"type-product","3":"status-publish","4":"has-post-thumbnail","6":"product_cat-hombre","7":"desktop-align-left","8":"tablet-align-left","9":"mobile-align-left","11":"first","12":"onbackorder","13":"shipping-taxable","14":"purchasable","15":"product-type-variable"},"uagb_featured_image_src":{"full":["https:\/\/drako1.com\/wp-content\/uploads\/2025\/10\/WhatsApp-Image-2025-10-29-at-2.37.25-PM.jpeg",928,1120,false],"thumbnail":["https:\/\/drako1.com\/wp-content\/uploads\/2025\/10\/WhatsApp-Image-2025-10-29-at-2.37.25-PM-150x150.jpeg",150,150,true],"medium":["https:\/\/drako1.com\/wp-content\/uploads\/2025\/10\/WhatsApp-Image-2025-10-29-at-2.37.25-PM-249x300.jpeg",249,300,true],"medium_large":["https:\/\/drako1.com\/wp-content\/uploads\/2025\/10\/WhatsApp-Image-2025-10-29-at-2.37.25-PM-768x927.jpeg",768,927,true],"large":["https:\/\/drako1.com\/wp-content\/uploads\/2025\/10\/WhatsApp-Image-2025-10-29-at-2.37.25-PM-848x1024.jpeg",848,1024,true],"1536x1536":["https:\/\/drako1.com\/wp-content\/uploads\/2025\/10\/WhatsApp-Image-2025-10-29-at-2.37.25-PM.jpeg",928,1120,false],"2048x2048":["https:\/\/drako1.com\/wp-content\/uploads\/2025\/10\/WhatsApp-Image-2025-10-29-at-2.37.25-PM.jpeg",928,1120,false],"woocommerce_thumbnail":["https:\/\/drako1.com\/wp-content\/uploads\/2025\/10\/WhatsApp-Image-2025-10-29-at-2.37.25-PM-300x300.jpeg",300,300,true],"woocommerce_single":["https:\/\/drako1.com\/wp-content\/uploads\/2025\/10\/WhatsApp-Image-2025-10-29-at-2.37.25-PM-600x724.jpeg",600,724,true],"woocommerce_gallery_thumbnail":["https:\/\/drako1.com\/wp-content\/uploads\/2025\/10\/WhatsApp-Image-2025-10-29-at-2.37.25-PM-100x100.jpeg",100,100,true]},"uagb_author_info":{"display_name":"drakostore2014@gmail.com","author_link":"https:\/\/drako1.com\/?author=0"},"uagb_comment_info":0,"uagb_excerpt":"Estampado vers\u00e1til que expresa tu personalidad El estampado agregado a este esqueleto Boxyfit es din\u00e1mico y lleno de textura, permiti\u00e9ndote sobresalir con un dise\u00f1o \u00fanico. Se trata de un complemento ideal para romper la rutina de los colores s\u00f3lidos y a\u00f1adir un toque de originalidad a tu guardarropa. Comb\u00ednalo f\u00e1cilmente con unos jeans casuales o&hellip;","_links":{"self":[{"href":"https:\/\/drako1.com\/index.php?rest_route=\/wp\/v2\/product\/543","targetHints":{"allow":["GET"]}}],"collection":[{"href":"https:\/\/drako1.com\/index.php?rest_route=\/wp\/v2\/product"}],"about":[{"href":"https:\/\/drako1.com\/index.php?rest_route=\/wp\/v2\/types\/product"}],"replies":[{"embeddable":true,"href":"https:\/\/drako1.com\/index.php?rest_route=%2Fwp%2Fv2%2Fcomments&post=543"}],"wp:featuredmedia":[{"embeddable":true,"href":"https:\/\/drako1.com\/index.php?rest_route=\/wp\/v2\/media\/546"}],"wp:attachment":[{"href":"https:\/\/drako1.com\/index.php?rest_route=%2Fwp%2Fv2%2Fmedia&parent=543"}],"wp:term":[{"taxonomy":"product_brand","embeddable":true,"href":"https:\/\/drako1.com\/index.php?rest_route=%2Fwp%2Fv2%2Fproduct_brand&post=543"},{"taxonomy":"product_cat","embeddable":true,"href":"https:\/\/drako1.com\/index.php?rest_route=%2Fwp%2Fv2%2Fproduct_cat&post=543"},{"taxonomy":"product_tag","embeddable":true,"href":"https:\/\/drako1.com\/index.php?rest_route=%2Fwp%2Fv2%2Fproduct_tag&post=543"}],"curies":[{"name":"wp","href":"https:\/\/api.w.org\/{rel}","templated":true}]}}