{"id":415,"date":"2025-10-27T19:23:02","date_gmt":"2025-10-28T00:23:02","guid":{"rendered":"https:\/\/drako1.com\/?post_type=product&#038;p=415"},"modified":"2025-10-30T13:22:35","modified_gmt":"2025-10-30T18:22:35","slug":"blazer-basic","status":"publish","type":"product","link":"https:\/\/drako1.com\/?product=blazer-basic","title":{"rendered":"blazer basic"},"content":{"rendered":"<p>&nbsp;<\/p>\n<p>&nbsp;<\/p>\n","protected":false},"excerpt":{"rendered":"<h2>F\u00e1cil de Usar y Combinar<\/h2>\n<p>Una de las principales caracter\u00edsticas de este blazer b\u00e1sico negro es su facilidad de uso. Gracias a su dise\u00f1o minimalista y su ajuste c\u00f3modo, puedes incorporarlo a tu estilo diario sin esfuerzo. Ya sea que lo combines con unos pantalones formales para una reuni\u00f3n de negocios o con unos jeans para un look casual chic, este blazer ser\u00e1 tu aliado para proyectar confianza y elegancia.<\/p>\n","protected":false},"featured_media":414,"comment_status":"open","ping_status":"closed","template":"","meta":{"_uag_custom_page_level_css":"","site-sidebar-layout":"default","site-content-layout":"","ast-site-content-layout":"default","site-content-style":"default","site-sidebar-style":"default","ast-global-header-display":"","ast-banner-title-visibility":"","ast-main-header-display":"","ast-hfb-above-header-display":"","ast-hfb-below-header-display":"","ast-hfb-mobile-header-display":"","site-post-title":"","ast-breadcrumbs-content":"","ast-featured-img":"","footer-sml-layout":"","ast-disable-related-posts":"","theme-transparent-header-meta":"default","adv-header-id-meta":"","stick-header-meta":"","header-above-stick-meta":"","header-main-stick-meta":"","header-below-stick-meta":"","astra-migrate-meta-layouts":"set","ast-page-background-enabled":"default","ast-page-background-meta":{"desktop":{"background-color":"var(--ast-global-color-5)","background-image":"","background-repeat":"repeat","background-position":"center center","background-size":"auto","background-attachment":"scroll","background-type":"","background-media":"","overlay-type":"","overlay-color":"","overlay-opacity":"","overlay-gradient":""},"tablet":{"background-color":"","background-image":"","background-repeat":"repeat","background-position":"center center","background-size":"auto","background-attachment":"scroll","background-type":"","background-media":"","overlay-type":"","overlay-color":"","overlay-opacity":"","overlay-gradient":""},"mobile":{"background-color":"","background-image":"","background-repeat":"repeat","background-position":"center center","background-size":"auto","background-attachment":"scroll","background-type":"","background-media":"","overlay-type":"","overlay-color":"","overlay-opacity":"","overlay-gradient":""}},"ast-content-background-meta":{"desktop":{"background-color":"var(--ast-global-color-4)","background-image":"","background-repeat":"repeat","background-position":"center center","background-size":"auto","background-attachment":"scroll","background-type":"","background-media":"","overlay-type":"","overlay-color":"","overlay-opacity":"","overlay-gradient":""},"tablet":{"background-color":"var(--ast-global-color-4)","background-image":"","background-repeat":"repeat","background-position":"center center","background-size":"auto","background-attachment":"scroll","background-type":"","background-media":"","overlay-type":"","overlay-color":"","overlay-opacity":"","overlay-gradient":""},"mobile":{"background-color":"var(--ast-global-color-4)","background-image":"","background-repeat":"repeat","background-position":"center center","background-size":"auto","background-attachment":"scroll","background-type":"","background-media":"","overlay-type":"","overlay-color":"","overlay-opacity":"","overlay-gradient":""}},"_joinchat":[]},"product_brand":[],"product_cat":[32],"product_tag":[],"class_list":{"0":"post-415","1":"product","2":"type-product","3":"status-publish","4":"has-post-thumbnail","6":"product_cat-mujer","7":"desktop-align-left","8":"tablet-align-left","9":"mobile-align-left","11":"first","12":"instock","13":"shipping-taxable","14":"purchasable","15":"product-type-variable"},"uagb_featured_image_src":{"full":["https:\/\/drako1.com\/wp-content\/uploads\/2025\/10\/WhatsApp-Image-2025-10-27-at-7.18.30-PM.jpeg",959,951,false],"thumbnail":["https:\/\/drako1.com\/wp-content\/uploads\/2025\/10\/WhatsApp-Image-2025-10-27-at-7.18.30-PM-150x150.jpeg",150,150,true],"medium":["https:\/\/drako1.com\/wp-content\/uploads\/2025\/10\/WhatsApp-Image-2025-10-27-at-7.18.30-PM-300x297.jpeg",300,297,true],"medium_large":["https:\/\/drako1.com\/wp-content\/uploads\/2025\/10\/WhatsApp-Image-2025-10-27-at-7.18.30-PM-768x762.jpeg",768,762,true],"large":["https:\/\/drako1.com\/wp-content\/uploads\/2025\/10\/WhatsApp-Image-2025-10-27-at-7.18.30-PM.jpeg",959,951,false],"1536x1536":["https:\/\/drako1.com\/wp-content\/uploads\/2025\/10\/WhatsApp-Image-2025-10-27-at-7.18.30-PM.jpeg",959,951,false],"2048x2048":["https:\/\/drako1.com\/wp-content\/uploads\/2025\/10\/WhatsApp-Image-2025-10-27-at-7.18.30-PM.jpeg",959,951,false],"woocommerce_thumbnail":["https:\/\/drako1.com\/wp-content\/uploads\/2025\/10\/WhatsApp-Image-2025-10-27-at-7.18.30-PM-300x300.jpeg",300,300,true],"woocommerce_single":["https:\/\/drako1.com\/wp-content\/uploads\/2025\/10\/WhatsApp-Image-2025-10-27-at-7.18.30-PM-600x595.jpeg",600,595,true],"woocommerce_gallery_thumbnail":["https:\/\/drako1.com\/wp-content\/uploads\/2025\/10\/WhatsApp-Image-2025-10-27-at-7.18.30-PM-100x100.jpeg",100,100,true]},"uagb_author_info":{"display_name":"drakostore2014@gmail.com","author_link":"https:\/\/drako1.com\/?author=0"},"uagb_comment_info":0,"uagb_excerpt":"F\u00e1cil de Usar y Combinar Una de las principales caracter\u00edsticas de este blazer b\u00e1sico negro es su facilidad de uso. Gracias a su dise\u00f1o minimalista y su ajuste c\u00f3modo, puedes incorporarlo a tu estilo diario sin esfuerzo. Ya sea que lo combines con unos pantalones formales para una reuni\u00f3n de negocios o con unos jeans&hellip;","_links":{"self":[{"href":"https:\/\/drako1.com\/index.php?rest_route=\/wp\/v2\/product\/415","targetHints":{"allow":["GET"]}}],"collection":[{"href":"https:\/\/drako1.com\/index.php?rest_route=\/wp\/v2\/product"}],"about":[{"href":"https:\/\/drako1.com\/index.php?rest_route=\/wp\/v2\/types\/product"}],"replies":[{"embeddable":true,"href":"https:\/\/drako1.com\/index.php?rest_route=%2Fwp%2Fv2%2Fcomments&post=415"}],"wp:featuredmedia":[{"embeddable":true,"href":"https:\/\/drako1.com\/index.php?rest_route=\/wp\/v2\/media\/414"}],"wp:attachment":[{"href":"https:\/\/drako1.com\/index.php?rest_route=%2Fwp%2Fv2%2Fmedia&parent=415"}],"wp:term":[{"taxonomy":"product_brand","embeddable":true,"href":"https:\/\/drako1.com\/index.php?rest_route=%2Fwp%2Fv2%2Fproduct_brand&post=415"},{"taxonomy":"product_cat","embeddable":true,"href":"https:\/\/drako1.com\/index.php?rest_route=%2Fwp%2Fv2%2Fproduct_cat&post=415"},{"taxonomy":"product_tag","embeddable":true,"href":"https:\/\/drako1.com\/index.php?rest_route=%2Fwp%2Fv2%2Fproduct_tag&post=415"}],"curies":[{"name":"wp","href":"https:\/\/api.w.org\/{rel}","templated":true}]}}